{"id":196,"date":"2018-05-16T16:04:41","date_gmt":"2018-05-16T16:04:41","guid":{"rendered":"http:\/\/www.filha.com\/?page_id=196"},"modified":"2018-05-16T17:46:55","modified_gmt":"2018-05-16T17:46:55","slug":"datenschutz","status":"publish","type":"page","link":"http:\/\/www.filha.com\/?page_id=196","title":{"rendered":"Datenschutzerkl&auml;rung"},"content":{"rendered":"<p>Herzlich Willkommen auf den Websiten von FILHA!<br \/>\nWir legen gr&ouml;&szlig;ten Wert auf den Schutz Ihrer Daten und die Wahrung Ihrer Privatsph&auml;re.<br \/>\n<br \/>\n -*- Soweit wir f\u00fcr Verarbeitungsvorg&auml;nge personenbezogener Daten eine Einwilligung der betroffenen Person einholen, dient Art. 6 Abs. 1 lit. a EU-Datenschutzgrundverordnung (DSGVO) als Rechtsgrundlage.<br \/>\n<br \/>\n -*- Personenbezogene Daten sind gem\u00e4\u00df Art. 4 Ziff. 1 DSGVO alle Informationen, die sich auf eine identifizierte oder identifizierbare nat&uuml;rliche Person beziehen. Als identifizierbar wird eine nat&uuml;rliche Person angesehen, die direkt oder indirekt identifiziert werden kann. Weitere Informationen hierzu finden Sie u.a. in Art. 4 Ziff. 1 DSGVO.<br \/>\n<br \/>\nI.\tBEREITSTELLUNG der WEBSITE<br \/>\n<\/p>\n<ol>\n<li>Es werden von den bereitgestellten Seiten keine Pers&ouml;nlichen Daten erhoben und somit auch nicht gespeichert.<\/li>\n<li>Die Kontaktaufnahme ist feiwillig und geht vom Kunden aus.<\/li>\n<ul>\n<li>Die Kontaktaufnahme erfolgt telefonisch oder per Email. Es werden keine Formularfelder zur Eingabe oder Erfassung personenbezogener Daten auf unserer Website bereitgestellt.<\/li>\n<li>Wir verwenden die von Ihnen mitgeteilten Daten zur Erf&uuml;llung und Abwicklung Ihres Auftrages.<\/li>\n<li>Eine Weitergabe Ihrer Daten erfolgt an mit der Lieferung beauftragte Versandunternehmen, soweit dies zur Lieferung von Waren notwendig sei.<\/li>\n<li>Zur Abwicklung von Zahlungen geben wir wenn notwendig Ihre Bankdaten an unsere Hausbank weiter.<\/li>\n<li>Eine Weitergabe Ihrer Daten an sonstige Dritte oder eine Nutzung zu Werbezwecken erfolgt nicht.<\/li>\n<li>Mit vollst&auml;ndiger Abwicklung des Vertrages und vollst&auml;ndiger Bezahlung werden Ihre Daten f\u00fcr die weitere Verwendung gesperrt und nach Ablauf der steuer- und handelsrechtlichen Aufbewahrungsfristen gel&ouml;scht.<\/li>\n<\/ul>\n<li>Wir sichern unsere Systeme durch technische und organisatorische Ma&szlig;nahmen gegen Verlust, Zerst&ouml;rung, Zugriff, Ver&auml;nderung oder Verbreitung erfasster Daten durch unbefugte Personen. Trotz regelm&auml;&szlig;iger Kontrollen ist ein vollst&auml;ndiger Schutz gegen alle Gefahren jedoch nicht m&ouml;glich.<\/li>\n<li>Nach dem Bundesdatenschutzgesetz haben Sie ein Recht auf unentgeltliche Auskunft \u00fcber Ihre gespeicherten Daten sowie ggf. ein Recht auf Berichtigung, Sperrung oder L&ouml;schung dieser Daten.\n<\/ol>\n<p>II.\tVERANTWORTLICHER<br \/>\nVerantwortlicher im Sinne des Art. 4 Ziff. 7 DSGVO f\u00fcr die <a title=\"Verarbeiten ist das Speichern, Ver\u00e4ndern, \u00dcbermitteln, Sperren und L\u00f6schen personenbezogener Daten\">Verarbeitung <\/a> personenbezogener Daten ist:<\/p>\n<ul>\n<p>J&uuml;rgen Wehrer<br \/>\nFilha Reinigungs GmbH<br\nWeglehnerstr.43-47<br \/>\n91732 Merkendorf<br \/>\nTel. 09826-1326<br \/>\nFax 09826-9001<br \/>\n<a href=\"mailto:filha@t-online.de?subject=Nachricht%20von%20Filha.com\">filha (at) t-online.de<\/a><\/p>\n<\/ul>\n<p>Wir selbst k&ouml;nnen nicht beeinflussen, welche Daten Crawler (Suchmaschienen wie Google) tats&auml;chlich erheben und verarbeiten.<br \/>\n &#8211; (Google) gibt an, dass grunds&auml;tzlich Informationen (auch personenbezogene Daten) verarbeitet werden k&ouml;nnen.<\/p>\n","protected":false},"excerpt":{"rendered":"<p>Herzlich Willkommen auf den Websiten von FILHA! Wir legen gr&ouml;&szlig;ten Wert auf den Schutz Ihrer Daten und die Wahrung Ihrer Privatsph&auml;re. -*- Soweit wir f\u00fcr Verarbeitungsvorg&auml;nge personenbezogener Daten eine Einwilligung der betroffenen Person einholen, dient Art. 6 Abs. 1 lit. &hellip; <a href=\"http:\/\/www.filha.com\/?page_id=196\">Weiterlesen <span class=\"meta-nav\">&rarr;<\/span><\/a><\/p>\n","protected":false},"author":1,"featured_media":0,"parent":0,"menu_order":7,"comment_status":"closed","ping_status":"closed","template":"","meta":{"footnotes":""},"class_list":["post-196","page","type-page","status-publish","hentry"],"_links":{"self":[{"href":"http:\/\/www.filha.com\/index.php?rest_route=\/wp\/v2\/pages\/196","targetHints":{"allow":["GET"]}}],"collection":[{"href":"http:\/\/www.filha.com\/index.php?rest_route=\/wp\/v2\/pages"}],"about":[{"href":"http:\/\/www.filha.com\/index.php?rest_route=\/wp\/v2\/types\/page"}],"author":[{"embeddable":true,"href":"http:\/\/www.filha.com\/index.php?rest_route=\/wp\/v2\/users\/1"}],"replies":[{"embeddable":true,"href":"http:\/\/www.filha.com\/index.php?rest_route=%2Fwp%2Fv2%2Fcomments&post=196"}],"version-history":[{"count":4,"href":"http:\/\/www.filha.com\/index.php?rest_route=\/wp\/v2\/pages\/196\/revisions"}],"predecessor-version":[{"id":200,"href":"http:\/\/www.filha.com\/index.php?rest_route=\/wp\/v2\/pages\/196\/revisions\/200"}],"wp:attachment":[{"href":"http:\/\/www.filha.com\/index.php?rest_route=%2Fwp%2Fv2%2Fmedia&parent=196"}],"curies":[{"name":"wp","href":"https:\/\/api.w.org\/{rel}","templated":true}]}}